{"id":1181,"date":"2024-03-22T10:41:52","date_gmt":"2024-03-22T09:41:52","guid":{"rendered":"https:\/\/uga-universite-avenirs.fr\/?page_id=1181"},"modified":"2024-05-03T09:18:21","modified_gmt":"2024-05-03T07:18:21","slug":"fiches-projets","status":"publish","type":"page","link":"https:\/\/uga-universite-avenirs.fr\/?page_id=1181","title":{"rendered":"<font color=\"#FFA500\">Bilan &#038; programme<\/font>"},"content":{"rendered":"\n<p>Nous avons d\u00e9clin\u00e9 ici l&#8217;ensemble de notre programme sous forme de &#8220;Fiches&#8221; (tr\u00e8s !) d\u00e9taill\u00e9es vous donnant \u00e0 la fois des informations factuelles et quantitatives sur le bilan de la mandature pr\u00e9c\u00e9dente ainsi que \u00e9l\u00e9ments principaux du programme sur lequel nos listes <em><strong>UGA : universit\u00e9 d&#8217;avenirs<\/strong><\/em> et <em><strong>Doctorants UGA : universit\u00e9 d\u2019avenirs<\/strong><\/em> ainsi que l&#8217;\u00e9quipe pr\u00e9sidentielle s&#8217;engagent. <strong>Bonne lecture !<\/strong><\/p>\n\n\n\n<p>L&#8217;\u00e9tablissement :<\/p>\n\n\n\n<ul>\n<li><a href=\"https:\/\/uga-universite-avenirs.fr\/?p=1294\" title=\"\">Vision de l\u2019UGA<\/a><\/li>\n\n\n\n<li><a href=\"https:\/\/uga-universite-avenirs.fr\/?p=1540\" title=\"\">Fonctionnement de l&#8217;\u00e9tablissement<\/a><\/li>\n\n\n\n<li><a href=\"https:\/\/uga-universite-avenirs.fr\/?p=1609\" title=\"\">\u00c9thique et D\u00e9ontologie<\/a><\/li>\n\n\n\n<li><a href=\"https:\/\/uga-universite-avenirs.fr\/?p=1085\" title=\"\">Transformation \u00e9cologique<\/a><\/li>\n\n\n\n<li><a href=\"https:\/\/uga-universite-avenirs.fr\/?p=1626\" title=\"\">Campus UGA Valence Dr\u00f4me Ard\u00e8che<\/a><\/li>\n<\/ul>\n\n\n\n<p>Les missions de l&#8217;UGA :<\/p>\n\n\n\n<ul>\n<li><a href=\"https:\/\/uga-universite-avenirs.fr\/?p=1129\" title=\"\">Formation<\/a><\/li>\n\n\n\n<li><a href=\"https:\/\/uga-universite-avenirs.fr\/?p=1277\" title=\"\">Recherche et innovation<\/a><\/li>\n\n\n\n<li><a href=\"https:\/\/uga-universite-avenirs.fr\/?p=2419\" title=\"\">Doctorantes et doctorants<\/a><\/li>\n\n\n\n<li><a href=\"https:\/\/uga-universite-avenirs.fr\/?p=1369\" title=\"\">Vie \u00e9tudiante<\/a><\/li>\n\n\n\n<li><a href=\"https:\/\/uga-universite-avenirs.fr\/?p=3228\" title=\"\">Culture et Culture scientifique<\/a><\/li>\n<\/ul>\n\n\n\n<p>Les ressources humaines :<\/p>\n\n\n\n<ul>\n<li><a href=\"https:\/\/uga-universite-avenirs.fr\/?p=879\" title=\"\">RH<\/a><\/li>\n\n\n\n<li><a href=\"https:\/\/uga-universite-avenirs.fr\/?p=1384\" title=\"\">Simplification et transparence des proc\u00e9dures RH<\/a><\/li>\n\n\n\n<li><a href=\"https:\/\/uga-universite-avenirs.fr\/?p=1396\" title=\"\">\u00c9galit\u00e9, parit\u00e9, non-discrimination<\/a><\/li>\n\n\n\n<li><a href=\"https:\/\/uga-universite-avenirs.fr\/?p=2330\" title=\"\">Qualit\u00e9 de vie et des conditions de travail (QVCT)<\/a><\/li>\n<\/ul>\n\n\n\n<p>Les affaires g\u00e9n\u00e9rales :<\/p>\n\n\n\n<ul>\n<li><a href=\"https:\/\/uga-universite-avenirs.fr\/?p=863\" title=\"\">Budget<\/a><\/li>\n\n\n\n<li><a href=\"https:\/\/uga-universite-avenirs.fr\/?p=1656\" title=\"\">Patrimoine<\/a><\/li>\n<\/ul>\n","protected":false},"excerpt":{"rendered":"<p>Nous avons d\u00e9clin\u00e9 ici l&#8217;ensemble de notre programme sous forme de &#8220;Fiches&#8221; (tr\u00e8s !) d\u00e9taill\u00e9es vous donnant \u00e0 la fois des informations factuelles et quantitatives sur le bilan de la mandature pr\u00e9c\u00e9dente ainsi que \u00e9l\u00e9ments principaux du programme sur lequel nos listes UGA : universit\u00e9 d&#8217;avenirs et Doctorants UGA : universit\u00e9 d\u2019avenirs ainsi que l&#8217;\u00e9quipe [&hellip;]<\/p>\n","protected":false},"author":1,"featured_media":0,"parent":0,"menu_order":4,"comment_status":"closed","ping_status":"closed","template":"template-fullwidth.php","meta":{"_monsterinsights_skip_tracking":false,"_monsterinsights_sitenote_active":false,"_monsterinsights_sitenote_note":"","_monsterinsights_sitenote_category":0,"footnotes":""},"aioseo_notices":[],"_links":{"self":[{"href":"https:\/\/uga-universite-avenirs.fr\/index.php?rest_route=\/wp\/v2\/pages\/1181"}],"collection":[{"href":"https:\/\/uga-universite-avenirs.fr\/index.php?rest_route=\/wp\/v2\/pages"}],"about":[{"href":"https:\/\/uga-universite-avenirs.fr\/index.php?rest_route=\/wp\/v2\/types\/page"}],"author":[{"embeddable":true,"href":"https:\/\/uga-universite-avenirs.fr\/index.php?rest_route=\/wp\/v2\/users\/1"}],"replies":[{"embeddable":true,"href":"https:\/\/uga-universite-avenirs.fr\/index.php?rest_route=%2Fwp%2Fv2%2Fcomments&post=1181"}],"version-history":[{"count":56,"href":"https:\/\/uga-universite-avenirs.fr\/index.php?rest_route=\/wp\/v2\/pages\/1181\/revisions"}],"predecessor-version":[{"id":3879,"href":"https:\/\/uga-universite-avenirs.fr\/index.php?rest_route=\/wp\/v2\/pages\/1181\/revisions\/3879"}],"wp:attachment":[{"href":"https:\/\/uga-universite-avenirs.fr\/index.php?rest_route=%2Fwp%2Fv2%2Fmedia&parent=1181"}],"curies":[{"name":"wp","href":"https:\/\/api.w.org\/{rel}","templated":true}]}}